{"id":570,"date":"2016-10-17T15:23:22","date_gmt":"2016-10-17T15:23:22","guid":{"rendered":"http:\/\/www.julienorthgraveuse.com\/?page_id=2"},"modified":"2024-02-08T17:10:55","modified_gmt":"2024-02-08T16:10:55","slug":"home","status":"publish","type":"page","link":"https:\/\/www.julienorthgraveuse.com\/en\/","title":{"rendered":"Accueil"},"content":{"rendered":"<p><div id=\"aproposmoi\" class=\"fusion-container-anchor\"><div class=\"fusion-fullwidth fullwidth-box fusion-builder-row-1 nonhundred-percent-fullwidth non-hundred-percent-height-scrolling\" style=\"--awb-border-radius-top-left:0px;--awb-border-radius-top-right:0px;--awb-border-radius-bottom-right:0px;--awb-border-radius-bottom-left:0px;--awb-padding-top:30px;--awb-padding-bottom:90px;--awb-margin-top:10px;--awb-flex-wrap:wrap;\" ><div class=\"fusion-builder-row fusion-row\"><div class=\"fusion-layout-column fusion_builder_column fusion-builder-column-0 fusion_builder_column_1_6 1_6 fusion-one-sixth fusion-column-first fusion-no-small-visibility\" style=\"--awb-bg-size:cover;width:16.666666666667%;width:calc(16.666666666667% - ( ( 4% + 4% ) * 0.16666666666667 ) );margin-right: 4%;\"><div class=\"fusion-column-wrapper fusion-flex-column-wrapper-legacy\"><div class=\"fusion-clearfix\"><\/div><\/div><\/div><div class=\"fusion-layout-column fusion_builder_column fusion-builder-column-1 fusion_builder_column_2_3 2_3 fusion-two-third\" style=\"--awb-bg-size:cover;--awb-margin-top:2%;--awb-margin-bottom:2%;width:66.666666666667%;width:calc(66.666666666667% - ( ( 4% + 4% ) * 0.66666666666667 ) );margin-right: 4%;\"><div class=\"fusion-column-wrapper fusion-flex-column-wrapper-legacy\"><div class=\"fusion-text fusion-text-1\"><h1 style=\"text-align: center;\">About Me<\/h1>\n<\/div><div class=\"fusion-sep-clear\"><\/div><div class=\"fusion-separator\" style=\"margin-left: auto;margin-right: auto;margin-bottom:35px;width:100%;max-width:100px;\"><div class=\"fusion-separator-border sep-single sep-solid\" style=\"--awb-height:20px;--awb-amount:20px;--awb-sep-color:#aaab54;border-color:#aaab54;border-top-width:2px;\"><\/div><\/div><div class=\"fusion-sep-clear\"><\/div><div class=\"fusion-text fusion-text-2\"><p style=\"text-align: center;\">From the moment I took a short course on linocut printmaking, I was totally hooked!<\/p>\n<p style=\"text-align: center;\">Transient beauty, delicate details, forms and tones in nature are revealed in my studies of flora and fauna and landscape. Largely self-taught and through much experimentation with the medium, I specialise in the reduction linocut technique, where the image is progressively developed in layers as the linoleum block gradually diminishes, in a series of cuts and marks, while alternating with a round of inking and printing.<\/p>\n<p style=\"text-align: center;\">I usually work from light to dark and often apply gradations of colour to engender subtle changes in tone and atmosphere in limited-edition prints, celebrating our natural world.<\/p>\n<\/div><div class=\"fusion-sep-clear\"><\/div><div class=\"fusion-separator\" style=\"margin-left: auto;margin-right: auto;margin-bottom:35px;width:100%;max-width:100px;\"><\/div><div class=\"fusion-sep-clear\"><\/div><div class=\"fusion-image-element fusion-image-align-center in-legacy-container\" style=\"text-align:center;--awb-max-width:400px px;--awb-caption-title-font-family:var(--h2_typography-font-family);--awb-caption-title-font-weight:var(--h2_typography-font-weight);--awb-caption-title-font-style:var(--h2_typography-font-style);--awb-caption-title-size:var(--h2_typography-font-size);--awb-caption-title-transform:var(--h2_typography-text-transform);--awb-caption-title-line-height:var(--h2_typography-line-height);--awb-caption-title-letter-spacing:var(--h2_typography-letter-spacing);\"><div class=\"imageframe-align-center\"><span class=\"fusion-imageframe imageframe-none imageframe-1 hover-type-none\"><img decoding=\"async\" width=\"225\" height=\"300\" alt=\"julie north printmaker France\" title=\"Julie 2022\" src=\"https:\/\/www.julienorthgraveuse.com\/wp-content\/uploads\/2023\/03\/Julie-2022-225x300.jpg\" class=\"img-responsive wp-image-5875\" srcset=\"https:\/\/www.julienorthgraveuse.com\/wp-content\/uploads\/2023\/03\/Julie-2022-200x266.jpg 200w, https:\/\/www.julienorthgraveuse.com\/wp-content\/uploads\/2023\/03\/Julie-2022-400x533.jpg 400w, https:\/\/www.julienorthgraveuse.com\/wp-content\/uploads\/2023\/03\/Julie-2022.jpg 507w\" sizes=\"(max-width: 1120px) 100vw, 225px\" \/><\/span><\/div><\/div><div class=\"fusion-sep-clear\"><\/div><div class=\"fusion-separator\" style=\"margin-left: auto;margin-right: auto;margin-bottom:35px;width:100%;max-width:100px;\"><\/div><div class=\"fusion-sep-clear\"><\/div><div class=\"fusion-text fusion-text-3\"><p style=\"text-align: center;\">As my passion for printmaking has developed, I have become a recognised artist of the region. Elected to three regional art associations, my work has been presented in national and international juried exhibitions, receiving several awards, most notably a Silver Medal at the Salon des Beaux-Arts of the National Society of Fine Arts Annual Exhibition, Carrousel du Louvre, Paris (2019). I am a contributing guest artist to the Berlin graphic art magazine \"Body and Soul\", Corvinus Presse, with exclusive editions published in issues 34 and 37, while my prints reside in private collections worldwide.<\/p>\n<\/div><div class=\"fusion-sep-clear\"><\/div><div class=\"fusion-separator fusion-full-width-sep\" style=\"margin-left: auto;margin-right: auto;margin-top:20px;width:100%;\"><\/div><div class=\"fusion-sep-clear\"><\/div><div class=\"fusion-aligncenter\"><a class=\"fusion-button button-flat button-large button-custom fusion-button-default button-1 fusion-button-default-span fusion-button-default-type\" style=\"--button_accent_color:#ffffff;--button_accent_hover_color:#aaab54;--button_border_hover_color:#aaab54;--button_gradient_top_color:#000000;--button_gradient_bottom_color:#000000;--button_gradient_top_color_hover:#ffffff;--button_gradient_bottom_color_hover:#ffffff;\" target=\"_self\" title=\"contact\" aria-label=\"contact\" href=\"https:\/\/www.julienorthgraveuse.com\/en\/#contact\"><span class=\"fusion-button-text\">Contact Me<\/span><\/a><\/div><div class=\"fusion-clearfix\"><\/div><\/div><\/div><div class=\"fusion-layout-column fusion_builder_column fusion-builder-column-2 fusion_builder_column_1_6 1_6 fusion-one-sixth fusion-column-last fusion-no-small-visibility\" style=\"--awb-bg-size:cover;width:16.666666666667%;width:calc(16.666666666667% - ( ( 4% + 4% ) * 0.16666666666667 ) );\"><div class=\"fusion-column-wrapper fusion-flex-column-wrapper-legacy\"><div class=\"fusion-clearfix\"><\/div><\/div><\/div><\/div><\/div><\/div><div id=\"ateliers\" class=\"fusion-container-anchor\"><div class=\"fusion-fullwidth fullwidth-box fusion-builder-row-2 fusion-parallax-none nonhundred-percent-fullwidth non-hundred-percent-height-scrolling\" style=\"--awb-border-radius-top-left:0px;--awb-border-radius-top-right:0px;--awb-border-radius-bottom-right:0px;--awb-border-radius-bottom-left:0px;--awb-padding-top:0px;--awb-padding-bottom:0px;--awb-margin-top:15px;--awb-margin-bottom:15px;--awb-background-color:#aaab54;--awb-background-image:url(&quot;https:\/\/www.julienorthgraveuse.com\/wp-content\/uploads\/2019\/10\/background-image-workshops.jpg&quot;);--awb-background-size:cover;--awb-flex-wrap:wrap;\" ><div class=\"fusion-builder-row fusion-row\"><div class=\"fusion-layout-column fusion_builder_column fusion-builder-column-3 fusion_builder_column_1_1 1_1 fusion-one-full fusion-column-first fusion-column-last\" style=\"--awb-bg-size:cover;\"><div class=\"fusion-column-wrapper fusion-column-has-shadow fusion-flex-column-wrapper-legacy\"><div class=\"fusion-clearfix\"><\/div><\/div><\/div><\/div><\/div><\/div><div id=\"contact\" class=\"fusion-container-anchor\"><div class=\"fusion-fullwidth fullwidth-box fusion-builder-row-3 nonhundred-percent-fullwidth non-hundred-percent-height-scrolling\" style=\"--awb-border-radius-top-left:0px;--awb-border-radius-top-right:0px;--awb-border-radius-bottom-right:0px;--awb-border-radius-bottom-left:0px;--awb-padding-top:80px;--awb-padding-bottom:100px;--awb-flex-wrap:wrap;\" ><div class=\"fusion-builder-row fusion-row\"><div class=\"fusion-layout-column fusion_builder_column fusion-builder-column-4 fusion_builder_column_1_1 1_1 fusion-one-full fusion-column-first fusion-column-last\" style=\"--awb-bg-size:cover;\"><div class=\"fusion-column-wrapper fusion-flex-column-wrapper-legacy\"><div class=\"fusion-text fusion-text-4\"><h2 style=\"text-align: center;\">Contact Me<\/h2>\n<\/div><div class=\"fusion-sep-clear\"><\/div><div class=\"fusion-separator fusion-full-width-sep\" style=\"margin-left: auto;margin-right: auto;width:100%;\"><\/div><div class=\"fusion-sep-clear\"><\/div>\n<div class=\"wpcf7 no-js\" id=\"wpcf7-f826-o1\" lang=\"en\" dir=\"ltr\">\n<div class=\"screen-reader-response\"><p role=\"status\" aria-live=\"polite\" aria-atomic=\"true\"><\/p> <ul><\/ul><\/div>\n<form action=\"\/en\/wp-json\/wp\/v2\/pages\/570#wpcf7-f826-o1\" method=\"post\" class=\"wpcf7-form init\" aria-label=\"Contact form\" novalidate=\"novalidate\" data-status=\"init\" data-trp-original-action=\"\/en\/wp-json\/wp\/v2\/pages\/570#wpcf7-f826-o1\">\n<div style=\"display: none;\">\n<input type=\"hidden\" name=\"_wpcf7\" value=\"826\" \/>\n<input type=\"hidden\" name=\"_wpcf7_version\" value=\"5.8.7\" \/>\n<input type=\"hidden\" name=\"_wpcf7_locale\" value=\"en\" \/>\n<input type=\"hidden\" name=\"_wpcf7_unit_tag\" value=\"wpcf7-f826-o1\" \/>\n<input type=\"hidden\" name=\"_wpcf7_container_post\" value=\"0\" \/>\n<input type=\"hidden\" name=\"_wpcf7_posted_data_hash\" value=\"\" \/>\n<input type=\"hidden\" name=\"_wpcf7_recaptcha_response\" value=\"\" \/>\n<\/div>\n<p><label> Votre nom (obligatoire)<br \/>\n<span class=\"wpcf7-form-control-wrap\" data-name=\"your-name\"><input size=\"40\" class=\"wpcf7-form-control wpcf7-text wpcf7-validates-as-required\" aria-required=\"true\" aria-invalid=\"false\" value=\"\" type=\"text\" name=\"your-name\" \/><\/span> <\/label>\n<\/p>\n<p><label> Votre mail (obligatoire)<br \/>\n<span class=\"wpcf7-form-control-wrap\" data-name=\"your-email\"><input size=\"40\" class=\"wpcf7-form-control wpcf7-email wpcf7-validates-as-required wpcf7-text wpcf7-validates-as-email\" aria-required=\"true\" aria-invalid=\"false\" value=\"\" type=\"email\" name=\"your-email\" \/><\/span> <\/label>\n<\/p>\n<p><label> Subject<br \/>\n<span class=\"wpcf7-form-control-wrap\" data-name=\"your-subject\"><input size=\"40\" class=\"wpcf7-form-control wpcf7-text\" aria-invalid=\"false\" value=\"\" type=\"text\" name=\"your-subject\" \/><\/span> <\/label>\n<\/p>\n<p><label> Message<br \/>\n<span class=\"wpcf7-form-control-wrap\" data-name=\"your-message\"><textarea cols=\"40\" rows=\"10\" class=\"wpcf7-form-control wpcf7-textarea\" aria-invalid=\"false\" name=\"your-message\"><\/textarea><\/span> <\/label>\n<\/p>\n<p><input class=\"wpcf7-form-control wpcf7-submit has-spinner\" type=\"submit\" value=\"Send\" \/>\n<\/p><div class=\"fusion-alert alert custom alert-custom fusion-alert-center wpcf7-response-output fusion-alert-capitalize awb-alert-native-link-color alert-dismissable awb-alert-close-boxed\" style=\"--awb-border-top-left-radius:0px;--awb-border-top-right-radius:0px;--awb-border-bottom-left-radius:0px;--awb-border-bottom-right-radius:0px;\" role=\"alert\"><div class=\"fusion-alert-content-wrapper\"><span class=\"fusion-alert-content\"><\/span><\/div><button type=\"button\" class=\"close toggle-alert\" data-dismiss=\"alert\" aria-label=\"Close\">&times;<\/button><\/div>\n<input type=\"hidden\" name=\"trp-form-language\" value=\"en\"\/><\/form>\n<\/div>\n<div class=\"fusion-text fusion-text-5\" style=\"--awb-font-size:9px;\"><h5>The personal information you have provided here will allow me to send you news and information regarding my linocut workshops in France. It will not be sold or shared with any third party. By submitting your details here you consent to me collecting and storing your data. You are free to opt-out at any time, please contact me should you wish to do this.<\/h5>\n<\/div><div class=\"fusion-clearfix\"><\/div><\/div><\/div><\/div><\/div><\/div><\/p>","protected":false},"excerpt":{"rendered":"","protected":false},"author":1,"featured_media":0,"parent":0,"menu_order":0,"comment_status":"closed","ping_status":"closed","template":"100-width.php","meta":{"footnotes":""},"yoast_head":"<!-- This site is optimized with the Yoast SEO plugin v22.1 - https:\/\/yoast.com\/wordpress\/plugins\/seo\/ -->\n<title>Accueil - Julie North<\/title>\n<meta name=\"description\" content=\"Julie North est une imprimeuse de reliefs et de gravures en taille-douce produisant des gravures sur lino, \u00e0 la pointe s\u00e8che et \u00e0 la collagraphie inspir\u00e9es par l&#039;environnement naturel qui s&#039;entoure.\" \/>\n<meta name=\"robots\" content=\"index, follow, max-snippet:-1, max-image-preview:large, max-video-preview:-1\" \/>\n<link rel=\"canonical\" href=\"https:\/\/www.julienorthgraveuse.com\/en\/\" \/>\n<meta property=\"og:locale\" content=\"en_GB\" \/>\n<meta property=\"og:type\" content=\"article\" \/>\n<meta property=\"og:title\" content=\"Accueil - Julie North\" \/>\n<meta property=\"og:description\" content=\"Julie North est une imprimeuse de reliefs et de gravures en taille-douce produisant des gravures sur lino, \u00e0 la pointe s\u00e8che et \u00e0 la collagraphie inspir\u00e9es par l&#039;environnement naturel qui s&#039;entoure.\" \/>\n<meta property=\"og:url\" content=\"https:\/\/www.julienorthgraveuse.com\/en\/\" \/>\n<meta property=\"og:site_name\" content=\"Julie North\" \/>\n<meta property=\"article:modified_time\" content=\"2024-02-08T16:10:55+00:00\" \/>\n<meta property=\"og:image\" content=\"https:\/\/www.julienorthgraveuse.com\/wp-content\/uploads\/2019\/10\/JulieNorth-600px.jpg\" \/>\n\t<meta property=\"og:image:width\" content=\"600\" \/>\n\t<meta property=\"og:image:height\" content=\"606\" \/>\n\t<meta property=\"og:image:type\" content=\"image\/jpeg\" \/>\n<meta name=\"twitter:card\" content=\"summary_large_image\" \/>\n<meta name=\"twitter:label1\" content=\"Estimated reading time\" \/>\n\t<meta name=\"twitter:data1\" content=\"2 minutes\" \/>\n<script type=\"application\/ld+json\" class=\"yoast-schema-graph\">{\"@context\":\"https:\/\/schema.org\",\"@graph\":[{\"@type\":\"WebPage\",\"@id\":\"https:\/\/www.julienorthgraveuse.com\/\",\"url\":\"https:\/\/www.julienorthgraveuse.com\/\",\"name\":\"Accueil - Julie North\",\"isPartOf\":{\"@id\":\"https:\/\/www.julienorthgraveuse.com\/#website\"},\"datePublished\":\"2016-10-17T15:23:22+00:00\",\"dateModified\":\"2024-02-08T16:10:55+00:00\",\"description\":\"Julie North est une imprimeuse de reliefs et de gravures en taille-douce produisant des gravures sur lino, \u00e0 la pointe s\u00e8che et \u00e0 la collagraphie inspir\u00e9es par l'environnement naturel qui s'entoure.\",\"breadcrumb\":{\"@id\":\"https:\/\/www.julienorthgraveuse.com\/#breadcrumb\"},\"inLanguage\":\"en-GB\",\"potentialAction\":[{\"@type\":\"ReadAction\",\"target\":[\"https:\/\/www.julienorthgraveuse.com\/\"]}]},{\"@type\":\"BreadcrumbList\",\"@id\":\"https:\/\/www.julienorthgraveuse.com\/#breadcrumb\",\"itemListElement\":[{\"@type\":\"ListItem\",\"position\":1,\"name\":\"Home\",\"item\":\"https:\/\/www.julienorthgraveuse.com\/\"},{\"@type\":\"ListItem\",\"position\":2,\"name\":\"Accueil\"}]},{\"@type\":\"WebSite\",\"@id\":\"https:\/\/www.julienorthgraveuse.com\/#website\",\"url\":\"https:\/\/www.julienorthgraveuse.com\/\",\"name\":\"Julie North\",\"description\":\"Graveuse en La Mayenne\",\"publisher\":{\"@id\":\"https:\/\/www.julienorthgraveuse.com\/#\/schema\/person\/7e217ab7a82d4f6f72ad880d26439135\"},\"potentialAction\":[{\"@type\":\"SearchAction\",\"target\":{\"@type\":\"EntryPoint\",\"urlTemplate\":\"https:\/\/www.julienorthgraveuse.com\/?s={search_term_string}\"},\"query-input\":\"required name=search_term_string\"}],\"inLanguage\":\"en-GB\"},{\"@type\":[\"Person\",\"Organization\"],\"@id\":\"https:\/\/www.julienorthgraveuse.com\/#\/schema\/person\/7e217ab7a82d4f6f72ad880d26439135\",\"name\":\"admin\",\"image\":{\"@type\":\"ImageObject\",\"inLanguage\":\"en-GB\",\"@id\":\"https:\/\/www.julienorthgraveuse.com\/#\/schema\/person\/image\/\",\"url\":\"https:\/\/secure.gravatar.com\/avatar\/fb6883300e7ec27561300ef7b228c282?s=96&d=mm&r=g\",\"contentUrl\":\"https:\/\/secure.gravatar.com\/avatar\/fb6883300e7ec27561300ef7b228c282?s=96&d=mm&r=g\",\"caption\":\"admin\"},\"logo\":{\"@id\":\"https:\/\/www.julienorthgraveuse.com\/#\/schema\/person\/image\/\"}}]}<\/script>\n<!-- \/ Yoast SEO plugin. -->","yoast_head_json":{"title":"Accueil - Julie North","description":"Julie North est une imprimeuse de reliefs et de gravures en taille-douce produisant des gravures sur lino, \u00e0 la pointe s\u00e8che et \u00e0 la collagraphie inspir\u00e9es par l'environnement naturel qui s'entoure.","robots":{"index":"index","follow":"follow","max-snippet":"max-snippet:-1","max-image-preview":"max-image-preview:large","max-video-preview":"max-video-preview:-1"},"canonical":"https:\/\/www.julienorthgraveuse.com\/en\/","og_locale":"en_GB","og_type":"article","og_title":"Accueil - Julie North","og_description":"Julie North est une imprimeuse de reliefs et de gravures en taille-douce produisant des gravures sur lino, \u00e0 la pointe s\u00e8che et \u00e0 la collagraphie inspir\u00e9es par l'environnement naturel qui s'entoure.","og_url":"https:\/\/www.julienorthgraveuse.com\/en\/","og_site_name":"Julie North","article_modified_time":"2024-02-08T16:10:55+00:00","og_image":[{"width":600,"height":606,"url":"https:\/\/www.julienorthgraveuse.com\/wp-content\/uploads\/2019\/10\/JulieNorth-600px.jpg","type":"image\/jpeg"}],"twitter_card":"summary_large_image","twitter_misc":{"Estimated reading time":"2 minutes"},"schema":{"@context":"https:\/\/schema.org","@graph":[{"@type":"WebPage","@id":"https:\/\/www.julienorthgraveuse.com\/","url":"https:\/\/www.julienorthgraveuse.com\/","name":"Accueil - Julie North","isPartOf":{"@id":"https:\/\/www.julienorthgraveuse.com\/#website"},"datePublished":"2016-10-17T15:23:22+00:00","dateModified":"2024-02-08T16:10:55+00:00","description":"Julie North est une imprimeuse de reliefs et de gravures en taille-douce produisant des gravures sur lino, \u00e0 la pointe s\u00e8che et \u00e0 la collagraphie inspir\u00e9es par l'environnement naturel qui s'entoure.","breadcrumb":{"@id":"https:\/\/www.julienorthgraveuse.com\/#breadcrumb"},"inLanguage":"en-GB","potentialAction":[{"@type":"ReadAction","target":["https:\/\/www.julienorthgraveuse.com\/"]}]},{"@type":"BreadcrumbList","@id":"https:\/\/www.julienorthgraveuse.com\/#breadcrumb","itemListElement":[{"@type":"ListItem","position":1,"name":"Home","item":"https:\/\/www.julienorthgraveuse.com\/"},{"@type":"ListItem","position":2,"name":"Accueil"}]},{"@type":"WebSite","@id":"https:\/\/www.julienorthgraveuse.com\/#website","url":"https:\/\/www.julienorthgraveuse.com\/","name":"Julie North","description":"Graveuse en La Mayenne","publisher":{"@id":"https:\/\/www.julienorthgraveuse.com\/#\/schema\/person\/7e217ab7a82d4f6f72ad880d26439135"},"potentialAction":[{"@type":"SearchAction","target":{"@type":"EntryPoint","urlTemplate":"https:\/\/www.julienorthgraveuse.com\/?s={search_term_string}"},"query-input":"required name=search_term_string"}],"inLanguage":"en-GB"},{"@type":["Person","Organization"],"@id":"https:\/\/www.julienorthgraveuse.com\/#\/schema\/person\/7e217ab7a82d4f6f72ad880d26439135","name":"admin","image":{"@type":"ImageObject","inLanguage":"en-GB","@id":"https:\/\/www.julienorthgraveuse.com\/#\/schema\/person\/image\/","url":"https:\/\/secure.gravatar.com\/avatar\/fb6883300e7ec27561300ef7b228c282?s=96&d=mm&r=g","contentUrl":"https:\/\/secure.gravatar.com\/avatar\/fb6883300e7ec27561300ef7b228c282?s=96&d=mm&r=g","caption":"admin"},"logo":{"@id":"https:\/\/www.julienorthgraveuse.com\/#\/schema\/person\/image\/"}}]}},"_links":{"self":[{"href":"https:\/\/www.julienorthgraveuse.com\/en\/wp-json\/wp\/v2\/pages\/570"}],"collection":[{"href":"https:\/\/www.julienorthgraveuse.com\/en\/wp-json\/wp\/v2\/pages"}],"about":[{"href":"https:\/\/www.julienorthgraveuse.com\/en\/wp-json\/wp\/v2\/types\/page"}],"author":[{"embeddable":true,"href":"https:\/\/www.julienorthgraveuse.com\/en\/wp-json\/wp\/v2\/users\/1"}],"replies":[{"embeddable":true,"href":"https:\/\/www.julienorthgraveuse.com\/en\/wp-json\/wp\/v2\/comments?post=570"}],"version-history":[{"count":137,"href":"https:\/\/www.julienorthgraveuse.com\/en\/wp-json\/wp\/v2\/pages\/570\/revisions"}],"predecessor-version":[{"id":5882,"href":"https:\/\/www.julienorthgraveuse.com\/en\/wp-json\/wp\/v2\/pages\/570\/revisions\/5882"}],"wp:attachment":[{"href":"https:\/\/www.julienorthgraveuse.com\/en\/wp-json\/wp\/v2\/media?parent=570"}],"curies":[{"name":"wp","href":"https:\/\/api.w.org\/{rel}","templated":true}]}}