{"id":904,"date":"2019-11-04T16:12:44","date_gmt":"2019-11-04T15:12:44","guid":{"rendered":"https:\/\/www.julienorthgraveuse.com\/?page_id=904"},"modified":"2019-11-04T16:12:44","modified_gmt":"2019-11-04T15:12:44","slug":"confidentialite","status":"publish","type":"page","link":"https:\/\/www.julienorthgraveuse.com\/en\/confidentialite\/","title":{"rendered":"Privacy Policy"},"content":{"rendered":"<h2 class=\"western\">Privacy Policy<\/h2>\n<p class=\"western\">Cette notice explique la politique de confidentialit\u00e9 pour www.julienorthgraveuse.com, enregistr\u00e9 en France, Siret: 851 131 615 00011. Le controlleur des donn\u00e9es par rapport \u00e0 ce site web est le propri\u00e9taire, Julie North. Cette notice ne s&rsquo;applique qu&rsquo;aux informations collect\u00e9es par ce site web.<\/p>\n<p class=\"western\"><strong>Collecte des donn\u00e9es, Utilisation et Partage<\/strong><br \/>\nNous sommes les propri\u00e9taires des donn\u00e9es collect\u00e9es sur ce site. Nous n&rsquo;avons acc\u00e8s que pour collecter les renseignements que vous fournissez de votre plein gr\u00e9, soit par courriel, le formulaire de contact ou par contact direct. Nous ne vendrons pas ces informations et nous ne les communiquerons pas \u00e0 des tiers.<\/p>\n<p class=\"western\">Vos informations ne seront utilis\u00e9es que pour vous r\u00e9pondre en r\u00e9ponse \u00e0 votre demande. Les informations ne seront pas partag\u00e9es par un tiers sauf si explicitement n\u00e9cessaire afin de compl\u00e9ter la demand\u00e9.<\/p>\n<p class=\"western\">Le processeur des donn\u00e9es est &lt;Contact Form 7&gt; qui collecte vos donn\u00e9es pour les objectifs ci-dessus expliqu\u00e9s. Il est interdit de partager les donn\u00e9es avec un tiers. Une fois trait\u00e9es, les donn\u00e9es sont stock\u00e9es sur des serveurs fournis par Fasthosts Internet Limited. Ils respectent les standards ISO de stockage et de protection de donn\u00e9es personnelles, y compris l&rsquo;utilisation du cryptage si appropri\u00e9 et ils stockent les donn\u00e9es sur leur serveur s\u00e9curis\u00e9 \u00e0 l&rsquo;interieur de l&rsquo;EEA. Vous pouvez consulter leur politique de confidentialit\u00e9 ici : <a href=\"https:\/\/www.fasthosts.co.uk\/terms\/privacy-notice\">https:\/\/www.fasthosts.co.uk\/terms\/privacy-notice<\/a><\/p>\n<p class=\"western\">Sauf si vous vous y opposez, nous pouvons vous contacter par courriel \u00e0 l&rsquo;avenir afin de vous informer d&rsquo;un nouveau service ou de changements dans cette politique de confidentialit\u00e9.<\/p>\n<p class=\"western\"><strong>Cookies<\/strong><br \/>\nUn cookie de langue est utilis\u00e9 sur ce site Web. Ce cookie est param\u00e9tr\u00e9 par le plugin Polylang et stocke le code de langue de la derni\u00e8re page consult\u00e9e.<\/p>\n<p class=\"western\"><strong>Votre droit d&rsquo;acc\u00e8s et de contr\u00f4le<\/strong><br \/>\nVous pouvez choisir de ne plus recevoir de contact \u00e0 n&rsquo;importe quel moment.\u00a0 Vous pouvez demander de voir, de corriger ou de supprimer les donn\u00e9es personnelles que nous stockons quand vous le voulez. Veuillez nous contacter par courriel ou par t\u00e9l\u00e9phone comme indiqu\u00e9 sur notre site web.<\/p>\n<p class=\"western\">Si vous avez des questions concernant cette politique merci de nous contacter toute de suite par courriel.<\/p>\n<p class=\"western\"><strong>S\u00e9curit\u00e9<\/strong><br \/>\nNous prenons des mesures afin de prot\u00e9ger votre s\u00e9curit\u00e9. Lorsque vous soumettez des informations \u00e0 travers le site web, vos informations sont prot\u00e9g\u00e9s en ligne et hors ligne. Vous pouvez v\u00e9rifier ceci en cherchant un icon d&rsquo;un cadenas dans le bar d&rsquo;adresse et en cherchant \u00ab\u00a0https\u00a0\u00bb au d\u00e9but de l&rsquo;adresse de la page web.<\/p>","protected":false},"excerpt":{"rendered":"<p>Politique de Confidentialit\u00e9 Cette notice explique la politique de confidentialit\u00e9 pour www.julienorthgraveuse.com, enregistr\u00e9 en France, Siret: 851 131 615 00011. [&hellip;]<\/p>","protected":false},"author":1,"featured_media":0,"parent":0,"menu_order":0,"comment_status":"closed","ping_status":"open","template":"","meta":{"footnotes":""},"yoast_head":"<!-- This site is optimized with the Yoast SEO plugin v22.1 - https:\/\/yoast.com\/wordpress\/plugins\/seo\/ -->\n<title>Politique de Confidentialit\u00e9 - Julie North<\/title>\n<meta name=\"robots\" content=\"index, follow, max-snippet:-1, max-image-preview:large, max-video-preview:-1\" \/>\n<link rel=\"canonical\" href=\"https:\/\/www.julienorthgraveuse.com\/en\/confidentialite\/\" \/>\n<meta property=\"og:locale\" content=\"en_GB\" \/>\n<meta property=\"og:type\" content=\"article\" \/>\n<meta property=\"og:title\" content=\"Politique de Confidentialit\u00e9 - Julie North\" \/>\n<meta property=\"og:description\" content=\"Politique de Confidentialit\u00e9 Cette notice explique la politique de confidentialit\u00e9 pour www.julienorthgraveuse.com, enregistr\u00e9 en France, Siret: 851 131 615 00011. [&hellip;]\" \/>\n<meta property=\"og:url\" content=\"https:\/\/www.julienorthgraveuse.com\/en\/confidentialite\/\" \/>\n<meta property=\"og:site_name\" content=\"Julie North\" \/>\n<meta property=\"og:image\" content=\"https:\/\/www.julienorthgraveuse.com\/wp-content\/uploads\/2019\/10\/JulieNorth-600px.jpg\" \/>\n\t<meta property=\"og:image:width\" content=\"600\" \/>\n\t<meta property=\"og:image:height\" content=\"606\" \/>\n\t<meta property=\"og:image:type\" content=\"image\/jpeg\" \/>\n<meta name=\"twitter:card\" content=\"summary_large_image\" \/>\n<meta name=\"twitter:label1\" content=\"Estimated reading time\" \/>\n\t<meta name=\"twitter:data1\" content=\"2 minutes\" \/>\n<script type=\"application\/ld+json\" class=\"yoast-schema-graph\">{\"@context\":\"https:\/\/schema.org\",\"@graph\":[{\"@type\":\"WebPage\",\"@id\":\"https:\/\/www.julienorthgraveuse.com\/en\/confidentialite\/\",\"url\":\"https:\/\/www.julienorthgraveuse.com\/en\/confidentialite\/\",\"name\":\"Politique de Confidentialit\u00e9 - Julie North\",\"isPartOf\":{\"@id\":\"https:\/\/www.julienorthgraveuse.com\/#website\"},\"datePublished\":\"2019-11-04T15:12:44+00:00\",\"dateModified\":\"2019-11-04T15:12:44+00:00\",\"breadcrumb\":{\"@id\":\"https:\/\/www.julienorthgraveuse.com\/en\/confidentialite\/#breadcrumb\"},\"inLanguage\":\"en-GB\",\"potentialAction\":[{\"@type\":\"ReadAction\",\"target\":[\"https:\/\/www.julienorthgraveuse.com\/en\/confidentialite\/\"]}]},{\"@type\":\"BreadcrumbList\",\"@id\":\"https:\/\/www.julienorthgraveuse.com\/en\/confidentialite\/#breadcrumb\",\"itemListElement\":[{\"@type\":\"ListItem\",\"position\":1,\"name\":\"Home\",\"item\":\"https:\/\/www.julienorthgraveuse.com\/\"},{\"@type\":\"ListItem\",\"position\":2,\"name\":\"Politique de Confidentialit\u00e9\"}]},{\"@type\":\"WebSite\",\"@id\":\"https:\/\/www.julienorthgraveuse.com\/#website\",\"url\":\"https:\/\/www.julienorthgraveuse.com\/\",\"name\":\"Julie North\",\"description\":\"Graveuse en La Mayenne\",\"publisher\":{\"@id\":\"https:\/\/www.julienorthgraveuse.com\/#\/schema\/person\/7e217ab7a82d4f6f72ad880d26439135\"},\"potentialAction\":[{\"@type\":\"SearchAction\",\"target\":{\"@type\":\"EntryPoint\",\"urlTemplate\":\"https:\/\/www.julienorthgraveuse.com\/?s={search_term_string}\"},\"query-input\":\"required name=search_term_string\"}],\"inLanguage\":\"en-GB\"},{\"@type\":[\"Person\",\"Organization\"],\"@id\":\"https:\/\/www.julienorthgraveuse.com\/#\/schema\/person\/7e217ab7a82d4f6f72ad880d26439135\",\"name\":\"admin\",\"image\":{\"@type\":\"ImageObject\",\"inLanguage\":\"en-GB\",\"@id\":\"https:\/\/www.julienorthgraveuse.com\/#\/schema\/person\/image\/\",\"url\":\"https:\/\/secure.gravatar.com\/avatar\/fb6883300e7ec27561300ef7b228c282?s=96&d=mm&r=g\",\"contentUrl\":\"https:\/\/secure.gravatar.com\/avatar\/fb6883300e7ec27561300ef7b228c282?s=96&d=mm&r=g\",\"caption\":\"admin\"},\"logo\":{\"@id\":\"https:\/\/www.julienorthgraveuse.com\/#\/schema\/person\/image\/\"}}]}<\/script>\n<!-- \/ Yoast SEO plugin. -->","yoast_head_json":{"title":"Politique de Confidentialit\u00e9 - Julie North","robots":{"index":"index","follow":"follow","max-snippet":"max-snippet:-1","max-image-preview":"max-image-preview:large","max-video-preview":"max-video-preview:-1"},"canonical":"https:\/\/www.julienorthgraveuse.com\/en\/confidentialite\/","og_locale":"en_GB","og_type":"article","og_title":"Politique de Confidentialit\u00e9 - Julie North","og_description":"Politique de Confidentialit\u00e9 Cette notice explique la politique de confidentialit\u00e9 pour www.julienorthgraveuse.com, enregistr\u00e9 en France, Siret: 851 131 615 00011. [&hellip;]","og_url":"https:\/\/www.julienorthgraveuse.com\/en\/confidentialite\/","og_site_name":"Julie North","og_image":[{"width":600,"height":606,"url":"https:\/\/www.julienorthgraveuse.com\/wp-content\/uploads\/2019\/10\/JulieNorth-600px.jpg","type":"image\/jpeg"}],"twitter_card":"summary_large_image","twitter_misc":{"Estimated reading time":"2 minutes"},"schema":{"@context":"https:\/\/schema.org","@graph":[{"@type":"WebPage","@id":"https:\/\/www.julienorthgraveuse.com\/en\/confidentialite\/","url":"https:\/\/www.julienorthgraveuse.com\/en\/confidentialite\/","name":"Politique de Confidentialit\u00e9 - Julie North","isPartOf":{"@id":"https:\/\/www.julienorthgraveuse.com\/#website"},"datePublished":"2019-11-04T15:12:44+00:00","dateModified":"2019-11-04T15:12:44+00:00","breadcrumb":{"@id":"https:\/\/www.julienorthgraveuse.com\/en\/confidentialite\/#breadcrumb"},"inLanguage":"en-GB","potentialAction":[{"@type":"ReadAction","target":["https:\/\/www.julienorthgraveuse.com\/en\/confidentialite\/"]}]},{"@type":"BreadcrumbList","@id":"https:\/\/www.julienorthgraveuse.com\/en\/confidentialite\/#breadcrumb","itemListElement":[{"@type":"ListItem","position":1,"name":"Home","item":"https:\/\/www.julienorthgraveuse.com\/"},{"@type":"ListItem","position":2,"name":"Politique de Confidentialit\u00e9"}]},{"@type":"WebSite","@id":"https:\/\/www.julienorthgraveuse.com\/#website","url":"https:\/\/www.julienorthgraveuse.com\/","name":"Julie North","description":"Graveuse en La Mayenne","publisher":{"@id":"https:\/\/www.julienorthgraveuse.com\/#\/schema\/person\/7e217ab7a82d4f6f72ad880d26439135"},"potentialAction":[{"@type":"SearchAction","target":{"@type":"EntryPoint","urlTemplate":"https:\/\/www.julienorthgraveuse.com\/?s={search_term_string}"},"query-input":"required name=search_term_string"}],"inLanguage":"en-GB"},{"@type":["Person","Organization"],"@id":"https:\/\/www.julienorthgraveuse.com\/#\/schema\/person\/7e217ab7a82d4f6f72ad880d26439135","name":"admin","image":{"@type":"ImageObject","inLanguage":"en-GB","@id":"https:\/\/www.julienorthgraveuse.com\/#\/schema\/person\/image\/","url":"https:\/\/secure.gravatar.com\/avatar\/fb6883300e7ec27561300ef7b228c282?s=96&d=mm&r=g","contentUrl":"https:\/\/secure.gravatar.com\/avatar\/fb6883300e7ec27561300ef7b228c282?s=96&d=mm&r=g","caption":"admin"},"logo":{"@id":"https:\/\/www.julienorthgraveuse.com\/#\/schema\/person\/image\/"}}]}},"_links":{"self":[{"href":"https:\/\/www.julienorthgraveuse.com\/en\/wp-json\/wp\/v2\/pages\/904"}],"collection":[{"href":"https:\/\/www.julienorthgraveuse.com\/en\/wp-json\/wp\/v2\/pages"}],"about":[{"href":"https:\/\/www.julienorthgraveuse.com\/en\/wp-json\/wp\/v2\/types\/page"}],"author":[{"embeddable":true,"href":"https:\/\/www.julienorthgraveuse.com\/en\/wp-json\/wp\/v2\/users\/1"}],"replies":[{"embeddable":true,"href":"https:\/\/www.julienorthgraveuse.com\/en\/wp-json\/wp\/v2\/comments?post=904"}],"version-history":[{"count":2,"href":"https:\/\/www.julienorthgraveuse.com\/en\/wp-json\/wp\/v2\/pages\/904\/revisions"}],"predecessor-version":[{"id":907,"href":"https:\/\/www.julienorthgraveuse.com\/en\/wp-json\/wp\/v2\/pages\/904\/revisions\/907"}],"wp:attachment":[{"href":"https:\/\/www.julienorthgraveuse.com\/en\/wp-json\/wp\/v2\/media?parent=904"}],"curies":[{"name":"wp","href":"https:\/\/api.w.org\/{rel}","templated":true}]}}