{"id":5629,"date":"2021-04-05T14:34:57","date_gmt":"2021-04-05T13:34:57","guid":{"rendered":"https:\/\/www.julienorthgraveuse.com\/?post_type=product&#038;p=5629"},"modified":"2024-02-14T18:24:03","modified_gmt":"2024-02-14T17:24:03","slug":"honeysuckle-honesty","status":"publish","type":"product","link":"https:\/\/www.julienorthgraveuse.com\/en\/product\/honeysuckle-honesty\/","title":{"rendered":"Honeysuckle, Honesty"},"content":{"rendered":"<p>One of the letters in my botanical alphabet series, inspired by the plants and flowers in my garden and the local countryside. Each design includes two plants whose names begin with the given letter.  I use a mixture of common English and Latin names for the titles - this gives me more choice when depicting flowers I love, or when selecting names that are often so descriptive and poetic.<\/p>","protected":false},"excerpt":{"rendered":"<p>Medium : 2-layer reduction linocut<\/p>\n<p>Edition of 10<\/p>\n<p>Image size 200 x 200 mm, printed on Saunders Waterford 100% cotton paper<\/p>\n<p class=\"p1\"><span class=\"s1\">[fusion_button link=\"#\" text_transform=\"uppercase\" title=\"\" target=\"_self\" link_attributes=\"\" alignment_medium=\"\" alignment_small=\"\" alignment=\"left\" modal=\"commande\" hide_on_mobile=\"small-visibility,medium-visibility,large-visibility\" sticky_display=\"normal,sticky\" class=\"\" id=\"\" color=\"default\" button_gradient_top_color=\"\" button_gradient_bottom_color=\"\" button_gradient_top_color_hover=\"\" button_gradient_bottom_color_hover=\"\" accent_color=\"\" accent_hover_color=\"\" type=\"\" bevel_color=\"\" border_width=\"\" border_radius=\"\" border_color=\"\" border_hover_color=\"\" size=\"\" stretch=\"default\" margin_top=\"\" margin_right=\"\" margin_bottom=\"\" margin_left=\"\" icon=\"fa-check-circle fas\" icon_position=\"left\" icon_divider=\"no\" animation_type=\"\" animation_direction=\"left\" animation_speed=\"0.3\" animation_offset=\"\"]Passer une Commande[\/fusion_button]<\/span><\/p>\n<p>&nbsp;<\/p>","protected":false},"featured_media":761,"comment_status":"closed","ping_status":"closed","template":"","meta":[],"product_cat":[70],"product_tag":[],"yoast_head":"<!-- This site is optimized with the Yoast SEO plugin v22.1 - https:\/\/yoast.com\/wordpress\/plugins\/seo\/ -->\n<title>Honeysuckle, Honesty - Julie North<\/title>\n<meta name=\"robots\" content=\"noindex, follow\" \/>\n<meta property=\"og:locale\" content=\"en_GB\" \/>\n<meta property=\"og:type\" content=\"article\" \/>\n<meta property=\"og:title\" content=\"Honeysuckle, Honesty - Julie North\" \/>\n<meta property=\"og:description\" content=\"M\u00e9dium : linogravure en r\u00e9duction \u00e0 2 couches  Edition de 10 tirages  Format de l&#039;image 200 x 200 mm, imprim\u00e9 sur papier Saunders Waterford 100% coton  &nbsp;\" \/>\n<meta property=\"og:url\" content=\"https:\/\/www.julienorthgraveuse.com\/en\/product\/honeysuckle-honesty\/\" \/>\n<meta property=\"og:site_name\" content=\"Julie North\" \/>\n<meta property=\"article:modified_time\" content=\"2024-02-14T17:24:03+00:00\" \/>\n<meta property=\"og:image\" content=\"https:\/\/www.julienorthgraveuse.com\/wp-content\/uploads\/2019\/10\/Honeysuckle-Honesty.jpg\" \/>\n\t<meta property=\"og:image:width\" content=\"486\" \/>\n\t<meta property=\"og:image:height\" content=\"480\" \/>\n\t<meta property=\"og:image:type\" content=\"image\/jpeg\" \/>\n<meta name=\"twitter:card\" content=\"summary_large_image\" \/>\n<meta name=\"twitter:label1\" content=\"Estimated reading time\" \/>\n\t<meta name=\"twitter:data1\" content=\"1 minute\" \/>\n<script type=\"application\/ld+json\" class=\"yoast-schema-graph\">{\"@context\":\"https:\/\/schema.org\",\"@graph\":[{\"@type\":\"WebPage\",\"@id\":\"https:\/\/www.julienorthgraveuse.com\/product\/honeysuckle-honesty\/\",\"url\":\"https:\/\/www.julienorthgraveuse.com\/product\/honeysuckle-honesty\/\",\"name\":\"Honeysuckle, Honesty - Julie North\",\"isPartOf\":{\"@id\":\"https:\/\/www.julienorthgraveuse.com\/#website\"},\"datePublished\":\"2021-04-05T13:34:57+00:00\",\"dateModified\":\"2024-02-14T17:24:03+00:00\",\"breadcrumb\":{\"@id\":\"https:\/\/www.julienorthgraveuse.com\/product\/honeysuckle-honesty\/#breadcrumb\"},\"inLanguage\":\"en-GB\",\"potentialAction\":[{\"@type\":\"ReadAction\",\"target\":[\"https:\/\/www.julienorthgraveuse.com\/product\/honeysuckle-honesty\/\"]}]},{\"@type\":\"BreadcrumbList\",\"@id\":\"https:\/\/www.julienorthgraveuse.com\/product\/honeysuckle-honesty\/#breadcrumb\",\"itemListElement\":[{\"@type\":\"ListItem\",\"position\":1,\"name\":\"Home\",\"item\":\"https:\/\/www.julienorthgraveuse.com\/\"},{\"@type\":\"ListItem\",\"position\":2,\"name\":\"Shop\",\"item\":\"https:\/\/www.julienorthgraveuse.com\/shop\/\"},{\"@type\":\"ListItem\",\"position\":3,\"name\":\"Honeysuckle, Honesty\"}]},{\"@type\":\"WebSite\",\"@id\":\"https:\/\/www.julienorthgraveuse.com\/#website\",\"url\":\"https:\/\/www.julienorthgraveuse.com\/\",\"name\":\"Julie North\",\"description\":\"Graveuse en La Mayenne\",\"publisher\":{\"@id\":\"https:\/\/www.julienorthgraveuse.com\/#\/schema\/person\/7e217ab7a82d4f6f72ad880d26439135\"},\"potentialAction\":[{\"@type\":\"SearchAction\",\"target\":{\"@type\":\"EntryPoint\",\"urlTemplate\":\"https:\/\/www.julienorthgraveuse.com\/?s={search_term_string}\"},\"query-input\":\"required name=search_term_string\"}],\"inLanguage\":\"en-GB\"},{\"@type\":[\"Person\",\"Organization\"],\"@id\":\"https:\/\/www.julienorthgraveuse.com\/#\/schema\/person\/7e217ab7a82d4f6f72ad880d26439135\",\"name\":\"admin\",\"image\":{\"@type\":\"ImageObject\",\"inLanguage\":\"en-GB\",\"@id\":\"https:\/\/www.julienorthgraveuse.com\/#\/schema\/person\/image\/\",\"url\":\"https:\/\/secure.gravatar.com\/avatar\/fb6883300e7ec27561300ef7b228c282?s=96&d=mm&r=g\",\"contentUrl\":\"https:\/\/secure.gravatar.com\/avatar\/fb6883300e7ec27561300ef7b228c282?s=96&d=mm&r=g\",\"caption\":\"admin\"},\"logo\":{\"@id\":\"https:\/\/www.julienorthgraveuse.com\/#\/schema\/person\/image\/\"}}]}<\/script>\n<!-- \/ Yoast SEO plugin. -->","yoast_head_json":{"title":"Honeysuckle, Honesty - Julie North","robots":{"index":"noindex","follow":"follow"},"og_locale":"en_GB","og_type":"article","og_title":"Honeysuckle, Honesty - Julie North","og_description":"M\u00e9dium : linogravure en r\u00e9duction \u00e0 2 couches  Edition de 10 tirages  Format de l'image 200 x 200 mm, imprim\u00e9 sur papier Saunders Waterford 100% coton  &nbsp;","og_url":"https:\/\/www.julienorthgraveuse.com\/en\/product\/honeysuckle-honesty\/","og_site_name":"Julie North","article_modified_time":"2024-02-14T17:24:03+00:00","og_image":[{"width":486,"height":480,"url":"https:\/\/www.julienorthgraveuse.com\/wp-content\/uploads\/2019\/10\/Honeysuckle-Honesty.jpg","type":"image\/jpeg"}],"twitter_card":"summary_large_image","twitter_misc":{"Estimated reading time":"1 minute"},"schema":{"@context":"https:\/\/schema.org","@graph":[{"@type":"WebPage","@id":"https:\/\/www.julienorthgraveuse.com\/product\/honeysuckle-honesty\/","url":"https:\/\/www.julienorthgraveuse.com\/product\/honeysuckle-honesty\/","name":"Honeysuckle, Honesty - Julie North","isPartOf":{"@id":"https:\/\/www.julienorthgraveuse.com\/#website"},"datePublished":"2021-04-05T13:34:57+00:00","dateModified":"2024-02-14T17:24:03+00:00","breadcrumb":{"@id":"https:\/\/www.julienorthgraveuse.com\/product\/honeysuckle-honesty\/#breadcrumb"},"inLanguage":"en-GB","potentialAction":[{"@type":"ReadAction","target":["https:\/\/www.julienorthgraveuse.com\/product\/honeysuckle-honesty\/"]}]},{"@type":"BreadcrumbList","@id":"https:\/\/www.julienorthgraveuse.com\/product\/honeysuckle-honesty\/#breadcrumb","itemListElement":[{"@type":"ListItem","position":1,"name":"Home","item":"https:\/\/www.julienorthgraveuse.com\/"},{"@type":"ListItem","position":2,"name":"Shop","item":"https:\/\/www.julienorthgraveuse.com\/shop\/"},{"@type":"ListItem","position":3,"name":"Honeysuckle, Honesty"}]},{"@type":"WebSite","@id":"https:\/\/www.julienorthgraveuse.com\/#website","url":"https:\/\/www.julienorthgraveuse.com\/","name":"Julie North","description":"Graveuse en La Mayenne","publisher":{"@id":"https:\/\/www.julienorthgraveuse.com\/#\/schema\/person\/7e217ab7a82d4f6f72ad880d26439135"},"potentialAction":[{"@type":"SearchAction","target":{"@type":"EntryPoint","urlTemplate":"https:\/\/www.julienorthgraveuse.com\/?s={search_term_string}"},"query-input":"required name=search_term_string"}],"inLanguage":"en-GB"},{"@type":["Person","Organization"],"@id":"https:\/\/www.julienorthgraveuse.com\/#\/schema\/person\/7e217ab7a82d4f6f72ad880d26439135","name":"admin","image":{"@type":"ImageObject","inLanguage":"en-GB","@id":"https:\/\/www.julienorthgraveuse.com\/#\/schema\/person\/image\/","url":"https:\/\/secure.gravatar.com\/avatar\/fb6883300e7ec27561300ef7b228c282?s=96&d=mm&r=g","contentUrl":"https:\/\/secure.gravatar.com\/avatar\/fb6883300e7ec27561300ef7b228c282?s=96&d=mm&r=g","caption":"admin"},"logo":{"@id":"https:\/\/www.julienorthgraveuse.com\/#\/schema\/person\/image\/"}}]}},"_links":{"self":[{"href":"https:\/\/www.julienorthgraveuse.com\/en\/wp-json\/wp\/v2\/product\/5629"}],"collection":[{"href":"https:\/\/www.julienorthgraveuse.com\/en\/wp-json\/wp\/v2\/product"}],"about":[{"href":"https:\/\/www.julienorthgraveuse.com\/en\/wp-json\/wp\/v2\/types\/product"}],"replies":[{"embeddable":true,"href":"https:\/\/www.julienorthgraveuse.com\/en\/wp-json\/wp\/v2\/comments?post=5629"}],"wp:featuredmedia":[{"embeddable":true,"href":"https:\/\/www.julienorthgraveuse.com\/en\/wp-json\/wp\/v2\/media\/761"}],"wp:attachment":[{"href":"https:\/\/www.julienorthgraveuse.com\/en\/wp-json\/wp\/v2\/media?parent=5629"}],"wp:term":[{"taxonomy":"product_cat","embeddable":true,"href":"https:\/\/www.julienorthgraveuse.com\/en\/wp-json\/wp\/v2\/product_cat?post=5629"},{"taxonomy":"product_tag","embeddable":true,"href":"https:\/\/www.julienorthgraveuse.com\/en\/wp-json\/wp\/v2\/product_tag?post=5629"}],"curies":[{"name":"wp","href":"https:\/\/api.w.org\/{rel}","templated":true}]}}