{"id":5642,"date":"2021-04-05T16:29:47","date_gmt":"2021-04-05T15:29:47","guid":{"rendered":"https:\/\/www.julienorthgraveuse.com\/?post_type=product&#038;p=5642"},"modified":"2024-02-29T19:36:58","modified_gmt":"2024-02-29T18:36:58","slug":"le-vieux-chemin-en-anglais-the-old-lane-copy","status":"publish","type":"product","link":"https:\/\/www.julienorthgraveuse.com\/en\/product\/le-vieux-chemin-en-anglais-the-old-lane-copy\/","title":{"rendered":"Le Vieux Chemin (The edition is now sold out)"},"content":{"rendered":"<p>\"Le Vieux Chemin\" - a local, ancient path, worn deep by many feet over the years; shown to me by my dear friend and neighbour, who walked along this very path to school as a child in the 1950s.  Awarded Silver Medal by invited jury, SNBA, Carousel du Louvre, Paris in 2019.  Awarded Honourable Mention, Fresno Printmakers Guild, inaugural juried exhibition, \"Catharsis\", 2020.<\/p>","protected":false},"excerpt":{"rendered":"<p>Medium : 12-layer reduction linocut<\/p>\n<p>Edition of 10<\/p>\n<p>Image size 200 x 290 mm, printed on Somerset Satin 100% cotton paper<\/p>\n<p>&nbsp;<\/p>","protected":false},"featured_media":885,"comment_status":"closed","ping_status":"closed","template":"","meta":[],"product_cat":[71],"product_tag":[],"yoast_head":"<!-- This site is optimized with the Yoast SEO plugin v22.1 - https:\/\/yoast.com\/wordpress\/plugins\/seo\/ -->\n<title>Le Vieux Chemin (L&#039;\u00e9dition est \u00e9puis\u00e9e) - Julie North<\/title>\n<meta name=\"robots\" content=\"noindex, follow\" \/>\n<meta property=\"og:locale\" content=\"en_GB\" \/>\n<meta property=\"og:type\" content=\"article\" \/>\n<meta property=\"og:title\" content=\"Le Vieux Chemin (L&#039;\u00e9dition est \u00e9puis\u00e9e) - Julie North\" \/>\n<meta property=\"og:description\" content=\"M\u00e9dium : linogravure en r\u00e9duction \u00e0 12 couches  Edition de 9 tirages  Format de l&#039;image 200 x 290 mm, imprim\u00e9 sur papier Somerset Satin 100% coton  &nbsp;\" \/>\n<meta property=\"og:url\" content=\"https:\/\/www.julienorthgraveuse.com\/en\/product\/le-vieux-chemin-en-anglais-the-old-lane-copy\/\" \/>\n<meta property=\"og:site_name\" content=\"Julie North\" \/>\n<meta property=\"article:modified_time\" content=\"2024-02-29T18:36:58+00:00\" \/>\n<meta property=\"og:image\" content=\"https:\/\/www.julienorthgraveuse.com\/wp-content\/uploads\/2019\/10\/Le-Vieux-Chemin2.jpg\" \/>\n\t<meta property=\"og:image:width\" content=\"481\" \/>\n\t<meta property=\"og:image:height\" content=\"640\" \/>\n\t<meta property=\"og:image:type\" content=\"image\/jpeg\" \/>\n<meta name=\"twitter:card\" content=\"summary_large_image\" \/>\n<meta name=\"twitter:label1\" content=\"Estimated reading time\" \/>\n\t<meta name=\"twitter:data1\" content=\"1 minute\" \/>\n<script type=\"application\/ld+json\" class=\"yoast-schema-graph\">{\"@context\":\"https:\/\/schema.org\",\"@graph\":[{\"@type\":\"WebPage\",\"@id\":\"https:\/\/www.julienorthgraveuse.com\/product\/le-vieux-chemin-en-anglais-the-old-lane-copy\/\",\"url\":\"https:\/\/www.julienorthgraveuse.com\/product\/le-vieux-chemin-en-anglais-the-old-lane-copy\/\",\"name\":\"Le Vieux Chemin (L'\u00e9dition est \u00e9puis\u00e9e) - Julie North\",\"isPartOf\":{\"@id\":\"https:\/\/www.julienorthgraveuse.com\/#website\"},\"datePublished\":\"2021-04-05T15:29:47+00:00\",\"dateModified\":\"2024-02-29T18:36:58+00:00\",\"breadcrumb\":{\"@id\":\"https:\/\/www.julienorthgraveuse.com\/product\/le-vieux-chemin-en-anglais-the-old-lane-copy\/#breadcrumb\"},\"inLanguage\":\"en-GB\",\"potentialAction\":[{\"@type\":\"ReadAction\",\"target\":[\"https:\/\/www.julienorthgraveuse.com\/product\/le-vieux-chemin-en-anglais-the-old-lane-copy\/\"]}]},{\"@type\":\"BreadcrumbList\",\"@id\":\"https:\/\/www.julienorthgraveuse.com\/product\/le-vieux-chemin-en-anglais-the-old-lane-copy\/#breadcrumb\",\"itemListElement\":[{\"@type\":\"ListItem\",\"position\":1,\"name\":\"Home\",\"item\":\"https:\/\/www.julienorthgraveuse.com\/\"},{\"@type\":\"ListItem\",\"position\":2,\"name\":\"Shop\",\"item\":\"https:\/\/www.julienorthgraveuse.com\/shop\/\"},{\"@type\":\"ListItem\",\"position\":3,\"name\":\"Le Vieux Chemin (L&#8217;\u00e9dition est \u00e9puis\u00e9e)\"}]},{\"@type\":\"WebSite\",\"@id\":\"https:\/\/www.julienorthgraveuse.com\/#website\",\"url\":\"https:\/\/www.julienorthgraveuse.com\/\",\"name\":\"Julie North\",\"description\":\"Graveuse en La Mayenne\",\"publisher\":{\"@id\":\"https:\/\/www.julienorthgraveuse.com\/#\/schema\/person\/7e217ab7a82d4f6f72ad880d26439135\"},\"potentialAction\":[{\"@type\":\"SearchAction\",\"target\":{\"@type\":\"EntryPoint\",\"urlTemplate\":\"https:\/\/www.julienorthgraveuse.com\/?s={search_term_string}\"},\"query-input\":\"required name=search_term_string\"}],\"inLanguage\":\"en-GB\"},{\"@type\":[\"Person\",\"Organization\"],\"@id\":\"https:\/\/www.julienorthgraveuse.com\/#\/schema\/person\/7e217ab7a82d4f6f72ad880d26439135\",\"name\":\"admin\",\"image\":{\"@type\":\"ImageObject\",\"inLanguage\":\"en-GB\",\"@id\":\"https:\/\/www.julienorthgraveuse.com\/#\/schema\/person\/image\/\",\"url\":\"https:\/\/secure.gravatar.com\/avatar\/fb6883300e7ec27561300ef7b228c282?s=96&d=mm&r=g\",\"contentUrl\":\"https:\/\/secure.gravatar.com\/avatar\/fb6883300e7ec27561300ef7b228c282?s=96&d=mm&r=g\",\"caption\":\"admin\"},\"logo\":{\"@id\":\"https:\/\/www.julienorthgraveuse.com\/#\/schema\/person\/image\/\"}}]}<\/script>\n<!-- \/ Yoast SEO plugin. -->","yoast_head_json":{"title":"Le Vieux Chemin (L'\u00e9dition est \u00e9puis\u00e9e) - Julie North","robots":{"index":"noindex","follow":"follow"},"og_locale":"en_GB","og_type":"article","og_title":"Le Vieux Chemin (L'\u00e9dition est \u00e9puis\u00e9e) - Julie North","og_description":"M\u00e9dium : linogravure en r\u00e9duction \u00e0 12 couches  Edition de 9 tirages  Format de l'image 200 x 290 mm, imprim\u00e9 sur papier Somerset Satin 100% coton  &nbsp;","og_url":"https:\/\/www.julienorthgraveuse.com\/en\/product\/le-vieux-chemin-en-anglais-the-old-lane-copy\/","og_site_name":"Julie North","article_modified_time":"2024-02-29T18:36:58+00:00","og_image":[{"width":481,"height":640,"url":"https:\/\/www.julienorthgraveuse.com\/wp-content\/uploads\/2019\/10\/Le-Vieux-Chemin2.jpg","type":"image\/jpeg"}],"twitter_card":"summary_large_image","twitter_misc":{"Estimated reading time":"1 minute"},"schema":{"@context":"https:\/\/schema.org","@graph":[{"@type":"WebPage","@id":"https:\/\/www.julienorthgraveuse.com\/product\/le-vieux-chemin-en-anglais-the-old-lane-copy\/","url":"https:\/\/www.julienorthgraveuse.com\/product\/le-vieux-chemin-en-anglais-the-old-lane-copy\/","name":"Le Vieux Chemin (L'\u00e9dition est \u00e9puis\u00e9e) - Julie North","isPartOf":{"@id":"https:\/\/www.julienorthgraveuse.com\/#website"},"datePublished":"2021-04-05T15:29:47+00:00","dateModified":"2024-02-29T18:36:58+00:00","breadcrumb":{"@id":"https:\/\/www.julienorthgraveuse.com\/product\/le-vieux-chemin-en-anglais-the-old-lane-copy\/#breadcrumb"},"inLanguage":"en-GB","potentialAction":[{"@type":"ReadAction","target":["https:\/\/www.julienorthgraveuse.com\/product\/le-vieux-chemin-en-anglais-the-old-lane-copy\/"]}]},{"@type":"BreadcrumbList","@id":"https:\/\/www.julienorthgraveuse.com\/product\/le-vieux-chemin-en-anglais-the-old-lane-copy\/#breadcrumb","itemListElement":[{"@type":"ListItem","position":1,"name":"Home","item":"https:\/\/www.julienorthgraveuse.com\/"},{"@type":"ListItem","position":2,"name":"Shop","item":"https:\/\/www.julienorthgraveuse.com\/shop\/"},{"@type":"ListItem","position":3,"name":"Le Vieux Chemin (L&#8217;\u00e9dition est \u00e9puis\u00e9e)"}]},{"@type":"WebSite","@id":"https:\/\/www.julienorthgraveuse.com\/#website","url":"https:\/\/www.julienorthgraveuse.com\/","name":"Julie North","description":"Graveuse en La Mayenne","publisher":{"@id":"https:\/\/www.julienorthgraveuse.com\/#\/schema\/person\/7e217ab7a82d4f6f72ad880d26439135"},"potentialAction":[{"@type":"SearchAction","target":{"@type":"EntryPoint","urlTemplate":"https:\/\/www.julienorthgraveuse.com\/?s={search_term_string}"},"query-input":"required name=search_term_string"}],"inLanguage":"en-GB"},{"@type":["Person","Organization"],"@id":"https:\/\/www.julienorthgraveuse.com\/#\/schema\/person\/7e217ab7a82d4f6f72ad880d26439135","name":"admin","image":{"@type":"ImageObject","inLanguage":"en-GB","@id":"https:\/\/www.julienorthgraveuse.com\/#\/schema\/person\/image\/","url":"https:\/\/secure.gravatar.com\/avatar\/fb6883300e7ec27561300ef7b228c282?s=96&d=mm&r=g","contentUrl":"https:\/\/secure.gravatar.com\/avatar\/fb6883300e7ec27561300ef7b228c282?s=96&d=mm&r=g","caption":"admin"},"logo":{"@id":"https:\/\/www.julienorthgraveuse.com\/#\/schema\/person\/image\/"}}]}},"_links":{"self":[{"href":"https:\/\/www.julienorthgraveuse.com\/en\/wp-json\/wp\/v2\/product\/5642"}],"collection":[{"href":"https:\/\/www.julienorthgraveuse.com\/en\/wp-json\/wp\/v2\/product"}],"about":[{"href":"https:\/\/www.julienorthgraveuse.com\/en\/wp-json\/wp\/v2\/types\/product"}],"replies":[{"embeddable":true,"href":"https:\/\/www.julienorthgraveuse.com\/en\/wp-json\/wp\/v2\/comments?post=5642"}],"wp:featuredmedia":[{"embeddable":true,"href":"https:\/\/www.julienorthgraveuse.com\/en\/wp-json\/wp\/v2\/media\/885"}],"wp:attachment":[{"href":"https:\/\/www.julienorthgraveuse.com\/en\/wp-json\/wp\/v2\/media?parent=5642"}],"wp:term":[{"taxonomy":"product_cat","embeddable":true,"href":"https:\/\/www.julienorthgraveuse.com\/en\/wp-json\/wp\/v2\/product_cat?post=5642"},{"taxonomy":"product_tag","embeddable":true,"href":"https:\/\/www.julienorthgraveuse.com\/en\/wp-json\/wp\/v2\/product_tag?post=5642"}],"curies":[{"name":"wp","href":"https:\/\/api.w.org\/{rel}","templated":true}]}}