{"id":5692,"date":"2021-05-04T13:44:27","date_gmt":"2021-05-04T12:44:27","guid":{"rendered":"https:\/\/www.julienorthgraveuse.com\/?post_type=product&#038;p=5692"},"modified":"2022-04-21T13:11:17","modified_gmt":"2022-04-21T12:11:17","slug":"bienfaisance","status":"publish","type":"product","link":"https:\/\/www.julienorthgraveuse.com\/en\/product\/bienfaisance\/","title":{"rendered":"Bienfaisance"},"content":{"rendered":"<p>A word which reflects my feelings towards the castle itself, its surroundings and its owners, who kindly allow the public access. Inspired by the history of people and nature that have gone before.  Awarded Silver Medal by invited jury, SNBA, Carousel du Louvre, Paris in 2019.<\/p>","protected":false},"excerpt":{"rendered":"<p>Medium: 8-layer reduction linocut print<\/p>\n<p>Edition of 8<\/p>\n<p>Image size 200 x 270 mm, printed on Somerset Satin 100% cotton paper<\/p>\n<p class=\"p1\"><span class=\"s1\">[fusion_button link=\"#\" text_transform=\"uppercase\" title=\"\" target=\"_self\" link_attributes=\"\" alignment_medium=\"\" alignment_small=\"\" alignment=\"left\" modal=\"commande\" hide_on_mobile=\"small-visibility,medium-visibility,large-visibility\" sticky_display=\"normal,sticky\" class=\"\" id=\"\" color=\"default\" button_gradient_top_color=\"\" button_gradient_bottom_color=\"\" button_gradient_top_color_hover=\"\" button_gradient_bottom_color_hover=\"\" accent_color=\"\" accent_hover_color=\"\" type=\"\" bevel_color=\"\" border_width=\"\" border_radius=\"\" border_color=\"\" border_hover_color=\"\" size=\"\" stretch=\"default\" margin_top=\"\" margin_right=\"\" margin_bottom=\"\" margin_left=\"\" icon=\"fa-check-circle fas\" icon_position=\"left\" icon_divider=\"no\" animation_type=\"\" animation_direction=\"left\" animation_speed=\"0.3\" animation_offset=\"\"]Passer une Commande[\/fusion_button]<\/span><\/p>\n<p>&nbsp;<\/p>\n<p>&nbsp;<\/p>","protected":false},"featured_media":921,"comment_status":"closed","ping_status":"closed","template":"","meta":[],"product_cat":[71],"product_tag":[],"yoast_head":"<!-- This site is optimized with the Yoast SEO plugin v22.1 - https:\/\/yoast.com\/wordpress\/plugins\/seo\/ -->\n<title>Bienfaisance - Julie North<\/title>\n<meta name=\"robots\" content=\"noindex, follow\" \/>\n<meta property=\"og:locale\" content=\"en_GB\" \/>\n<meta property=\"og:type\" content=\"article\" \/>\n<meta property=\"og:title\" content=\"Bienfaisance - Julie North\" \/>\n<meta property=\"og:description\" content=\"M\u00e9dium : linogravure en r\u00e9duction 8 couches  Edition de 8 tirages  Format de l&#039;image 200 x 270 mm, imprim\u00e9 sur papier Somerset Satin 100% coton  &nbsp;  &nbsp;\" \/>\n<meta property=\"og:url\" content=\"https:\/\/www.julienorthgraveuse.com\/en\/product\/bienfaisance\/\" \/>\n<meta property=\"og:site_name\" content=\"Julie North\" \/>\n<meta property=\"article:modified_time\" content=\"2022-04-21T12:11:17+00:00\" \/>\n<meta property=\"og:image\" content=\"https:\/\/www.julienorthgraveuse.com\/wp-content\/uploads\/2019\/12\/Bienfaisance-Copy.jpg\" \/>\n\t<meta property=\"og:image:width\" content=\"567\" \/>\n\t<meta property=\"og:image:height\" content=\"768\" \/>\n\t<meta property=\"og:image:type\" content=\"image\/jpeg\" \/>\n<meta name=\"twitter:card\" content=\"summary_large_image\" \/>\n<meta name=\"twitter:label1\" content=\"Estimated reading time\" \/>\n\t<meta name=\"twitter:data1\" content=\"1 minute\" \/>\n<script type=\"application\/ld+json\" class=\"yoast-schema-graph\">{\"@context\":\"https:\/\/schema.org\",\"@graph\":[{\"@type\":\"WebPage\",\"@id\":\"https:\/\/www.julienorthgraveuse.com\/product\/bienfaisance\/\",\"url\":\"https:\/\/www.julienorthgraveuse.com\/product\/bienfaisance\/\",\"name\":\"Bienfaisance - Julie North\",\"isPartOf\":{\"@id\":\"https:\/\/www.julienorthgraveuse.com\/#website\"},\"datePublished\":\"2021-05-04T12:44:27+00:00\",\"dateModified\":\"2022-04-21T12:11:17+00:00\",\"breadcrumb\":{\"@id\":\"https:\/\/www.julienorthgraveuse.com\/product\/bienfaisance\/#breadcrumb\"},\"inLanguage\":\"en-GB\",\"potentialAction\":[{\"@type\":\"ReadAction\",\"target\":[\"https:\/\/www.julienorthgraveuse.com\/product\/bienfaisance\/\"]}]},{\"@type\":\"BreadcrumbList\",\"@id\":\"https:\/\/www.julienorthgraveuse.com\/product\/bienfaisance\/#breadcrumb\",\"itemListElement\":[{\"@type\":\"ListItem\",\"position\":1,\"name\":\"Home\",\"item\":\"https:\/\/www.julienorthgraveuse.com\/\"},{\"@type\":\"ListItem\",\"position\":2,\"name\":\"Shop\",\"item\":\"https:\/\/www.julienorthgraveuse.com\/shop\/\"},{\"@type\":\"ListItem\",\"position\":3,\"name\":\"Bienfaisance\"}]},{\"@type\":\"WebSite\",\"@id\":\"https:\/\/www.julienorthgraveuse.com\/#website\",\"url\":\"https:\/\/www.julienorthgraveuse.com\/\",\"name\":\"Julie North\",\"description\":\"Graveuse en La Mayenne\",\"publisher\":{\"@id\":\"https:\/\/www.julienorthgraveuse.com\/#\/schema\/person\/7e217ab7a82d4f6f72ad880d26439135\"},\"potentialAction\":[{\"@type\":\"SearchAction\",\"target\":{\"@type\":\"EntryPoint\",\"urlTemplate\":\"https:\/\/www.julienorthgraveuse.com\/?s={search_term_string}\"},\"query-input\":\"required name=search_term_string\"}],\"inLanguage\":\"en-GB\"},{\"@type\":[\"Person\",\"Organization\"],\"@id\":\"https:\/\/www.julienorthgraveuse.com\/#\/schema\/person\/7e217ab7a82d4f6f72ad880d26439135\",\"name\":\"admin\",\"image\":{\"@type\":\"ImageObject\",\"inLanguage\":\"en-GB\",\"@id\":\"https:\/\/www.julienorthgraveuse.com\/#\/schema\/person\/image\/\",\"url\":\"https:\/\/secure.gravatar.com\/avatar\/fb6883300e7ec27561300ef7b228c282?s=96&d=mm&r=g\",\"contentUrl\":\"https:\/\/secure.gravatar.com\/avatar\/fb6883300e7ec27561300ef7b228c282?s=96&d=mm&r=g\",\"caption\":\"admin\"},\"logo\":{\"@id\":\"https:\/\/www.julienorthgraveuse.com\/#\/schema\/person\/image\/\"}}]}<\/script>\n<!-- \/ Yoast SEO plugin. -->","yoast_head_json":{"title":"Bienfaisance - Julie North","robots":{"index":"noindex","follow":"follow"},"og_locale":"en_GB","og_type":"article","og_title":"Bienfaisance - Julie North","og_description":"M\u00e9dium : linogravure en r\u00e9duction 8 couches  Edition de 8 tirages  Format de l'image 200 x 270 mm, imprim\u00e9 sur papier Somerset Satin 100% coton  &nbsp;  &nbsp;","og_url":"https:\/\/www.julienorthgraveuse.com\/en\/product\/bienfaisance\/","og_site_name":"Julie North","article_modified_time":"2022-04-21T12:11:17+00:00","og_image":[{"width":567,"height":768,"url":"https:\/\/www.julienorthgraveuse.com\/wp-content\/uploads\/2019\/12\/Bienfaisance-Copy.jpg","type":"image\/jpeg"}],"twitter_card":"summary_large_image","twitter_misc":{"Estimated reading time":"1 minute"},"schema":{"@context":"https:\/\/schema.org","@graph":[{"@type":"WebPage","@id":"https:\/\/www.julienorthgraveuse.com\/product\/bienfaisance\/","url":"https:\/\/www.julienorthgraveuse.com\/product\/bienfaisance\/","name":"Bienfaisance - Julie North","isPartOf":{"@id":"https:\/\/www.julienorthgraveuse.com\/#website"},"datePublished":"2021-05-04T12:44:27+00:00","dateModified":"2022-04-21T12:11:17+00:00","breadcrumb":{"@id":"https:\/\/www.julienorthgraveuse.com\/product\/bienfaisance\/#breadcrumb"},"inLanguage":"en-GB","potentialAction":[{"@type":"ReadAction","target":["https:\/\/www.julienorthgraveuse.com\/product\/bienfaisance\/"]}]},{"@type":"BreadcrumbList","@id":"https:\/\/www.julienorthgraveuse.com\/product\/bienfaisance\/#breadcrumb","itemListElement":[{"@type":"ListItem","position":1,"name":"Home","item":"https:\/\/www.julienorthgraveuse.com\/"},{"@type":"ListItem","position":2,"name":"Shop","item":"https:\/\/www.julienorthgraveuse.com\/shop\/"},{"@type":"ListItem","position":3,"name":"Bienfaisance"}]},{"@type":"WebSite","@id":"https:\/\/www.julienorthgraveuse.com\/#website","url":"https:\/\/www.julienorthgraveuse.com\/","name":"Julie North","description":"Graveuse en La Mayenne","publisher":{"@id":"https:\/\/www.julienorthgraveuse.com\/#\/schema\/person\/7e217ab7a82d4f6f72ad880d26439135"},"potentialAction":[{"@type":"SearchAction","target":{"@type":"EntryPoint","urlTemplate":"https:\/\/www.julienorthgraveuse.com\/?s={search_term_string}"},"query-input":"required name=search_term_string"}],"inLanguage":"en-GB"},{"@type":["Person","Organization"],"@id":"https:\/\/www.julienorthgraveuse.com\/#\/schema\/person\/7e217ab7a82d4f6f72ad880d26439135","name":"admin","image":{"@type":"ImageObject","inLanguage":"en-GB","@id":"https:\/\/www.julienorthgraveuse.com\/#\/schema\/person\/image\/","url":"https:\/\/secure.gravatar.com\/avatar\/fb6883300e7ec27561300ef7b228c282?s=96&d=mm&r=g","contentUrl":"https:\/\/secure.gravatar.com\/avatar\/fb6883300e7ec27561300ef7b228c282?s=96&d=mm&r=g","caption":"admin"},"logo":{"@id":"https:\/\/www.julienorthgraveuse.com\/#\/schema\/person\/image\/"}}]}},"_links":{"self":[{"href":"https:\/\/www.julienorthgraveuse.com\/en\/wp-json\/wp\/v2\/product\/5692"}],"collection":[{"href":"https:\/\/www.julienorthgraveuse.com\/en\/wp-json\/wp\/v2\/product"}],"about":[{"href":"https:\/\/www.julienorthgraveuse.com\/en\/wp-json\/wp\/v2\/types\/product"}],"replies":[{"embeddable":true,"href":"https:\/\/www.julienorthgraveuse.com\/en\/wp-json\/wp\/v2\/comments?post=5692"}],"wp:featuredmedia":[{"embeddable":true,"href":"https:\/\/www.julienorthgraveuse.com\/en\/wp-json\/wp\/v2\/media\/921"}],"wp:attachment":[{"href":"https:\/\/www.julienorthgraveuse.com\/en\/wp-json\/wp\/v2\/media?parent=5692"}],"wp:term":[{"taxonomy":"product_cat","embeddable":true,"href":"https:\/\/www.julienorthgraveuse.com\/en\/wp-json\/wp\/v2\/product_cat?post=5692"},{"taxonomy":"product_tag","embeddable":true,"href":"https:\/\/www.julienorthgraveuse.com\/en\/wp-json\/wp\/v2\/product_tag?post=5692"}],"curies":[{"name":"wp","href":"https:\/\/api.w.org\/{rel}","templated":true}]}}